{"id":21721,"date":"2025-07-03T06:19:26","date_gmt":"2025-07-03T06:19:26","guid":{"rendered":"https:\/\/anneyank.com\/temoignages\/"},"modified":"2026-01-05T14:27:21","modified_gmt":"2026-01-05T14:27:21","slug":"testimonials","status":"publish","type":"page","link":"https:\/\/anneyank.com\/en\/testimonials\/","title":{"rendered":"Testimonials"},"content":{"rendered":"\t\t<div data-elementor-type=\"wp-page\" data-elementor-id=\"21721\" class=\"elementor elementor-21721 elementor-21140\" data-elementor-post-type=\"page\">\n\t\t\t\t\t\t<section class=\"elementor-section-with-custom-width elementor-section elementor-top-section elementor-element elementor-element-f3df6e6 elementor-section-height-min-height elementor-section-items-bottom elementor-section-boxed elementor-section-height-default sc_fly_static\" data-id=\"f3df6e6\" data-element_type=\"section\" data-settings=\"{&quot;background_background&quot;:&quot;classic&quot;}\">\n\t\t\t\t\t\t\t<div class=\"elementor-background-overlay\"><\/div>\n\t\t\t\t\t\t\t<div class=\"elementor-container elementor-column-gap-extended\">\n\t\t\t\t\t<div class=\"elementor-column elementor-col-100 elementor-top-column elementor-element elementor-element-eb9f4c6 sc_content_align_inherit sc_layouts_column_icons_position_left sc_fly_static\" data-id=\"eb9f4c6\" data-element_type=\"column\">\n\t\t\t<div class=\"elementor-widget-wrap elementor-element-populated\">\n\t\t\t\t\t\t<div class=\"elementor-element elementor-element-534aea9 sc_fly_static elementor-widget elementor-widget-heading\" data-id=\"534aea9\" data-element_type=\"widget\" data-widget_type=\"heading.default\">\n\t\t\t\t<div class=\"elementor-widget-container\">\n\t\t\t\t\t<h1 class=\"elementor-heading-title elementor-size-default\">Testimonials<\/h1>\t\t\t\t<\/div>\n\t\t\t\t<\/div>\n\t\t\t\t\t<\/div>\n\t\t<\/div>\n\t\t\t\t\t<\/div>\n\t\t<\/section>\n\t\t\t\t<section class=\"elementor-section elementor-top-section elementor-element elementor-element-7a776a4 elementor-section-boxed elementor-section-height-default elementor-section-height-default sc_fly_static\" data-id=\"7a776a4\" data-element_type=\"section\">\n\t\t\t\t\t\t<div class=\"elementor-container elementor-column-gap-extended\">\n\t\t\t\t\t<div class=\"elementor-column elementor-col-100 elementor-top-column elementor-element elementor-element-ccbcc7f sc_content_align_inherit sc_layouts_column_icons_position_left sc_fly_static\" data-id=\"ccbcc7f\" data-element_type=\"column\" data-settings=\"{&quot;background_background&quot;:&quot;classic&quot;}\">\n\t\t\t<div class=\"elementor-widget-wrap elementor-element-populated\">\n\t\t\t\t\t\t<div class=\"elementor-element elementor-element-7fe4f37 sc_fly_static elementor-widget elementor-widget-heading\" data-id=\"7fe4f37\" data-element_type=\"widget\" data-widget_type=\"heading.default\">\n\t\t\t\t<div class=\"elementor-widget-container\">\n\t\t\t\t\t<h3 class=\"elementor-heading-title elementor-size-default\">About the book<\/h3>\t\t\t\t<\/div>\n\t\t\t\t<\/div>\n\t\t\t\t<div class=\"elementor-element elementor-element-350ac4e sc_fly_static elementor-widget elementor-widget-text-editor\" data-id=\"350ac4e\" data-element_type=\"widget\" data-widget_type=\"text-editor.default\">\n\t\t\t\t<div class=\"elementor-widget-container\">\n\t\t\t\t\t\t\t\t\t<p>Her book allowed me to discover the different types of fasting and their biblical foundations, so I could better choose the one that corresponded to my spiritual season. It gave me the tools and keys necessary for a better understanding and renewed hope through the practice of fasting. &#8211; <strong>Pastor Jonathan Girard,<\/strong> Pastoral Team, New Alliance Church<\/p>\t\t\t\t\t\t\t\t<\/div>\n\t\t\t\t<\/div>\n\t\t\t\t<div class=\"elementor-element elementor-element-a02c2c9 sc_fly_static elementor-widget elementor-widget-text-editor\" data-id=\"a02c2c9\" data-element_type=\"widget\" data-widget_type=\"text-editor.default\">\n\t\t\t\t<div class=\"elementor-widget-container\">\n\t\t\t\t\t\t\t\t\t<p>Anne Yank&#8217;s book on fasting and prayer is an effective tool for learning how to fast and for equipping small groups. Thank you, Anne, for this wonderful resource. &#8211; <strong>Marjorie JB Calveyrac<\/strong>, Associate Pastor, Carrefour des Nations Church, Quebec<\/p>\t\t\t\t\t\t\t\t<\/div>\n\t\t\t\t<\/div>\n\t\t\t\t<div class=\"elementor-element elementor-element-e007986 sc_fly_static elementor-widget elementor-widget-text-editor\" data-id=\"e007986\" data-element_type=\"widget\" data-widget_type=\"text-editor.default\">\n\t\t\t\t<div class=\"elementor-widget-container\">\n\t\t\t\t\t\t\t\t\t<p>Anne&#8217;s message flowed smoothly from beginning to end. The content, the delivery, the authenticity, and the partnership with the Holy Spirit\u2014it was all there. \u2014 <strong>Annie Riendeau<\/strong>, Senior Pastor, Full Gospel Assembly, LaSalle.<\/p>\t\t\t\t\t\t\t\t<\/div>\n\t\t\t\t<\/div>\n\t\t\t\t\t<\/div>\n\t\t<\/div>\n\t\t\t\t\t<\/div>\n\t\t<\/section>\n\t\t\t\t<section class=\"elementor-section elementor-top-section elementor-element elementor-element-de43b2d elementor-section-boxed elementor-section-height-default elementor-section-height-default sc_fly_static\" data-id=\"de43b2d\" data-element_type=\"section\">\n\t\t\t\t\t\t<div class=\"elementor-container elementor-column-gap-extended\">\n\t\t\t\t\t<div class=\"elementor-column elementor-col-100 elementor-top-column elementor-element elementor-element-b01ad14 sc_content_align_inherit sc_layouts_column_icons_position_left sc_fly_static\" data-id=\"b01ad14\" data-element_type=\"column\" data-settings=\"{&quot;background_background&quot;:&quot;classic&quot;}\">\n\t\t\t<div class=\"elementor-widget-wrap elementor-element-populated\">\n\t\t\t\t\t\t<div class=\"elementor-element elementor-element-e99054e sc_fly_static elementor-widget elementor-widget-heading\" data-id=\"e99054e\" data-element_type=\"widget\" data-widget_type=\"heading.default\">\n\t\t\t\t<div class=\"elementor-widget-container\">\n\t\t\t\t\t<h3 class=\"elementor-heading-title elementor-size-default\">Anne Yank - Speaker<\/h3>\t\t\t\t<\/div>\n\t\t\t\t<\/div>\n\t\t\t\t<div class=\"elementor-element elementor-element-5f2202e sc_fly_static elementor-widget elementor-widget-text-editor\" data-id=\"5f2202e\" data-element_type=\"widget\" data-widget_type=\"text-editor.default\">\n\t\t\t\t<div class=\"elementor-widget-container\">\n\t\t\t\t\t\t\t\t\t<p>I have heard Pastor Anne preach on several occasions. Her sermons are relevant, inspiring, and filled with the anointing of the Holy Spirit. &#8211; <strong>Caroline Ch\u00e9nard<\/strong>, Administrative Assistant, New Alliance Church<\/p>\t\t\t\t\t\t\t\t<\/div>\n\t\t\t\t<\/div>\n\t\t\t\t<div class=\"elementor-element elementor-element-4af589f sc_fly_static elementor-widget elementor-widget-text-editor\" data-id=\"4af589f\" data-element_type=\"widget\" data-widget_type=\"text-editor.default\">\n\t\t\t\t<div class=\"elementor-widget-container\">\n\t\t\t\t\t\t\t\t\t<p>For several years I have had the privilege of hearing Anne Yank speak. She is a woman filled with the Spirit who pours out what she receives onto others. Her talks are imbued with wisdom and truth. &#8211; <strong>Sandra Bilodeau,<\/strong> Pastor and Coach at the Abundant Life Church of Quebec<\/p>\t\t\t\t\t\t\t\t<\/div>\n\t\t\t\t<\/div>\n\t\t\t\t<div class=\"elementor-element elementor-element-cc7e81b sc_fly_static elementor-widget elementor-widget-text-editor\" data-id=\"cc7e81b\" data-element_type=\"widget\" data-widget_type=\"text-editor.default\">\n\t\t\t\t<div class=\"elementor-widget-container\">\n\t\t\t\t\t\t\t\t\t<p>When she comes to preach, it has a ripple effect throughout the entire church. \u2013 <strong>Marjorie JB Calveyrac<\/strong>, Associate Pastor, Carrefour des Nations Church, Quebec<\/p>\t\t\t\t\t\t\t\t<\/div>\n\t\t\t\t<\/div>\n\t\t\t\t<div class=\"elementor-element elementor-element-5275c0d sc_fly_static elementor-widget elementor-widget-text-editor\" data-id=\"5275c0d\" data-element_type=\"widget\" data-widget_type=\"text-editor.default\">\n\t\t\t\t<div class=\"elementor-widget-container\">\n\t\t\t\t\t\t\t\t\t<p>Anne&#8217;s messages are deeply inspiring and firmly rooted in God. They touch hearts, speak to men and women, and awaken in everyone the desire to live an active and authentic faith. &#8211; <strong>\u00c9ric Lafleur<\/strong>, pastor at CCH Church (Centre Chr\u00e9tien l&#8217;H\u00e9ritage), St-J\u00e9r\u00f4me<\/p>\t\t\t\t\t\t\t\t<\/div>\n\t\t\t\t<\/div>\n\t\t\t\t\t<\/div>\n\t\t<\/div>\n\t\t\t\t\t<\/div>\n\t\t<\/section>\n\t\t\t\t<section class=\"elementor-section elementor-top-section elementor-element elementor-element-016aa51 elementor-section-boxed elementor-section-height-default elementor-section-height-default sc_fly_static\" data-id=\"016aa51\" data-element_type=\"section\">\n\t\t\t\t\t\t<div class=\"elementor-container elementor-column-gap-extended\">\n\t\t\t\t\t<div class=\"elementor-column elementor-col-100 elementor-top-column elementor-element elementor-element-357fc1e sc_content_align_inherit sc_layouts_column_icons_position_left sc_fly_static\" data-id=\"357fc1e\" data-element_type=\"column\" data-settings=\"{&quot;background_background&quot;:&quot;classic&quot;}\">\n\t\t\t<div class=\"elementor-widget-wrap elementor-element-populated\">\n\t\t\t\t\t\t<div class=\"elementor-element elementor-element-83d4af2 sc_fly_static elementor-widget elementor-widget-heading\" data-id=\"83d4af2\" data-element_type=\"widget\" data-widget_type=\"heading.default\">\n\t\t\t\t<div class=\"elementor-widget-container\">\n\t\t\t\t\t<h3 class=\"elementor-heading-title elementor-size-default\">Coaching<\/h3>\t\t\t\t<\/div>\n\t\t\t\t<\/div>\n\t\t\t\t<div class=\"elementor-element elementor-element-c469097 sc_fly_static elementor-widget elementor-widget-text-editor\" data-id=\"c469097\" data-element_type=\"widget\" data-widget_type=\"text-editor.default\">\n\t\t\t\t<div class=\"elementor-widget-container\">\n\t\t\t\t\t\t\t\t\t<p>I am a certified coach, and Anne Yank has coached me several times. I have also observed her as a coach. She is effective and dedicated to helping her clients achieve their goals. &#8211; <strong>Sandra Bilodeau<\/strong>, Pastor and Coach at the Abundant Life Church of Quebec<\/p>\t\t\t\t\t\t\t\t<\/div>\n\t\t\t\t<\/div>\n\t\t\t\t\t<\/div>\n\t\t<\/div>\n\t\t\t\t\t<\/div>\n\t\t<\/section>\n\t\t\t\t<\/div>\n\t\t","protected":false},"excerpt":{"rendered":"<p>Testimonials About the book Her book allowed me to discover the different types of fasting and their biblical foundations, so I could better choose the one that corresponded to my&hellip;<\/p>\n","protected":false},"author":1,"featured_media":0,"parent":0,"menu_order":0,"comment_status":"closed","ping_status":"closed","template":"","meta":{"footnotes":""},"class_list":["post-21721","page","type-page","status-publish","hentry"],"_links":{"self":[{"href":"https:\/\/anneyank.com\/en\/wp-json\/wp\/v2\/pages\/21721","targetHints":{"allow":["GET"]}}],"collection":[{"href":"https:\/\/anneyank.com\/en\/wp-json\/wp\/v2\/pages"}],"about":[{"href":"https:\/\/anneyank.com\/en\/wp-json\/wp\/v2\/types\/page"}],"author":[{"embeddable":true,"href":"https:\/\/anneyank.com\/en\/wp-json\/wp\/v2\/users\/1"}],"replies":[{"embeddable":true,"href":"https:\/\/anneyank.com\/en\/wp-json\/wp\/v2\/comments?post=21721"}],"version-history":[{"count":7,"href":"https:\/\/anneyank.com\/en\/wp-json\/wp\/v2\/pages\/21721\/revisions"}],"predecessor-version":[{"id":21818,"href":"https:\/\/anneyank.com\/en\/wp-json\/wp\/v2\/pages\/21721\/revisions\/21818"}],"wp:attachment":[{"href":"https:\/\/anneyank.com\/en\/wp-json\/wp\/v2\/media?parent=21721"}],"curies":[{"name":"wp","href":"https:\/\/api.w.org\/{rel}","templated":true}]}}